{"id":135,"date":"2016-03-31T14:21:06","date_gmt":"2016-03-31T14:21:06","guid":{"rendered":"http:\/\/localhost:8080\/?page_id=2"},"modified":"2025-06-27T15:16:09","modified_gmt":"2025-06-27T15:16:09","slug":"home","status":"publish","type":"page","link":"https:\/\/conem.org.br\/2025\/","title":{"rendered":"II Congresso Nordestino de Educa\u00e7\u00e3o M\u00e9dica<br\/>Nordeste 1"},"content":{"rendered":"<h4 style=\"text-align: center;\"><strong>\u2013 CERTIFICADOS LIBERADOS \u2013<br \/><br \/><\/strong><a href=\"https:\/\/conem.org.br\/2025\/certificados\/\">(clique aqui para mais informa\u00e7\u00f5es)<\/a><\/h4>\n<p>\u00a0<\/p>\n<hr \/>\n<h4 style=\"text-align: center;\"><span style=\"color: #000000;\"><strong>Seja bem-vindo!<\/strong><\/span><\/h4>\n<p>O Congresso Nordestino de Educa\u00e7\u00e3o M\u00e9dica \u00e9 um evento dedicado a reunir educadores, educandos, gestores e todos mais que se interessam pelos debates sobre a educa\u00e7\u00e3o m\u00e9dica brasileira. Em sua segunda edi\u00e7\u00e3o vamos conversar sobre os caminhos que percorremos para chegar at\u00e9 o cen\u00e1rio atual e quais caminhadas ainda precisamos fazer para alcan\u00e7ar a educa\u00e7\u00e3o m\u00e9dica que queremos.<br \/><br \/><\/p>\n<p>Nos diversos espa\u00e7os de debates vamos construir coletivamente novas perspectivas sobre cen\u00e1rios de pratica, doc\u00eancia, resid\u00eancia m\u00e9dica, abertura de novas escolas, exame de ordem e muito mais.<\/p>\n<hr \/>\n<h4 style=\"text-align: center;\"><strong>INFORMA\u00c7\u00d5ES GERAIS:<\/strong><\/h4>\n<p><strong><br \/>Local do Evento:<\/strong><br \/>&#8211; Instituto Multidisciplinar em Sa\u00fade | Universidade Federal da Bahia \u2013 Campus An\u00edsio Teixeira<br \/>&#8211; Rua Hormindo Barros, 58 &#8211; Quadra 17, Lote 58 | CEP: 45.029-094 &#8211; Candeias, Vit\u00f3ria da Conquista \u2013 BA<\/p>\n<p><strong><br \/>Data do Evento:<\/strong><br \/>&#8211; Dias 30 e 31 de maio de 2025<\/p>\n<hr \/>\n<h4 style=\"text-align: center;\"><strong>\u00a0<\/strong><\/h4>\n<p style=\"text-align: center;\"><img loading=\"lazy\" decoding=\"async\" class=\"aligncenter wp-image-3616\" src=\"https:\/\/conem.org.br\/2025\/wp-content\/uploads\/2025\/05\/patrocinadores_2conem.png\" alt=\"\" width=\"800\" height=\"148\" \/><\/p>\n<p style=\"text-align: center;\">\u00a0<\/p>\n\n\n<p><\/p>\n","protected":false},"excerpt":{"rendered":"\u2013 CERTIFICADOS LIBERADOS \u2013 (clique aqui para mais informa\u00e7\u00f5es) \u00a0 Seja bem-vindo! O Congresso Nordestino de Educa\u00e7\u00e3o M\u00e9dica \u00e9 um evento dedicado a reunir educadores, educandos, gestores e todos mais que se interessam pelos debates sobre a educa\u00e7\u00e3o m\u00e9dica brasileira. Em sua segunda edi\u00e7\u00e3o vamos conversar sobre os caminhos que percorremos para chegar at\u00e9 o&#8230; <a class=\"view-article\" href=\"https:\/\/conem.org.br\/2025\/\">Ver artigo<\/a>","protected":false},"author":2,"featured_media":3534,"parent":0,"menu_order":1,"comment_status":"closed","ping_status":"closed","template":"template_home.php","meta":{"footnotes":""},"class_list":["post-135","page","type-page","status-publish","has-post-thumbnail","hentry"],"_links":{"self":[{"href":"https:\/\/conem.org.br\/2025\/wp-json\/wp\/v2\/pages\/135","targetHints":{"allow":["GET"]}}],"collection":[{"href":"https:\/\/conem.org.br\/2025\/wp-json\/wp\/v2\/pages"}],"about":[{"href":"https:\/\/conem.org.br\/2025\/wp-json\/wp\/v2\/types\/page"}],"author":[{"embeddable":true,"href":"https:\/\/conem.org.br\/2025\/wp-json\/wp\/v2\/users\/2"}],"replies":[{"embeddable":true,"href":"https:\/\/conem.org.br\/2025\/wp-json\/wp\/v2\/comments?post=135"}],"version-history":[{"count":10,"href":"https:\/\/conem.org.br\/2025\/wp-json\/wp\/v2\/pages\/135\/revisions"}],"predecessor-version":[{"id":3631,"href":"https:\/\/conem.org.br\/2025\/wp-json\/wp\/v2\/pages\/135\/revisions\/3631"}],"wp:featuredmedia":[{"embeddable":true,"href":"https:\/\/conem.org.br\/2025\/wp-json\/wp\/v2\/media\/3534"}],"wp:attachment":[{"href":"https:\/\/conem.org.br\/2025\/wp-json\/wp\/v2\/media?parent=135"}],"curies":[{"name":"wp","href":"https:\/\/api.w.org\/{rel}","templated":true}]}}