{"id":1425,"date":"2018-03-23T00:34:03","date_gmt":"2018-03-23T00:34:03","guid":{"rendered":"http:\/\/coemco.com.br\/2018\/?page_id=1425"},"modified":"2025-04-05T00:51:17","modified_gmt":"2025-04-05T00:51:17","slug":"inscricoes-online","status":"publish","type":"page","link":"https:\/\/conem.org.br\/2025\/inscricoes-online\/","title":{"rendered":"Inscri\u00e7\u00f5es On-line"},"content":{"rendered":"<h4><span style=\"color: #000000;\"><strong>TABELA DE VALORES<\/strong><\/span><\/h4>\n<p>\u00a0<\/p>\n<p style=\"text-align: center;\"><img decoding=\"async\" class=\"aligncenter wp-image-3411\" src=\"https:\/\/conem.org.br\/2025\/wp-content\/uploads\/2025\/02\/CCPEM_2025_TABELA_INSCRICOES.png\" alt=\"\" width=\"85%\" \/><\/p>\n<p style=\"text-align: center;\"><img decoding=\"async\" class=\"aligncenter wp-image-3550 size-full\" src=\"https:\/\/conem.org.br\/2025\/wp-content\/uploads\/2025\/04\/2conem_tabela_v3.png\" alt=\"\" width=\"90%\" \/><\/p>\n<p>\u00a0<\/p>\n<p style=\"text-align: center;\"><a href=\"https:\/\/admin.abem-nacional.com.br\/evento\/2-conem-ne1\/login\" target=\"_blank\" rel=\"noopener\"><img loading=\"lazy\" decoding=\"async\" class=\"aligncenter wp-image-3546\" src=\"https:\/\/conem.org.br\/2025\/wp-content\/uploads\/2025\/04\/2conem_btns_Inscricao.png\" alt=\"\" width=\"250\" height=\"41\" \/><\/a><br \/><br \/><\/p>\n<hr \/>\n<h4><strong>INFORMA\u00c7\u00d5ES IMPORTANTES:<br \/>\u00a0<\/strong><\/h4>\n<p>a) As vagas para o evento s\u00e3o LIMITADAS!<br \/>b) Formas de pagamentos dispon\u00edveis:<br \/>\u2013 Boleto Banc\u00e1rio (at\u00e9 21\/05\/25);<br \/>\u2013 Cart\u00e3o de Cr\u00e9dito;<br \/>\u2013 PIX<\/p>\n<p><strong><br \/>Prazos para compensa\u00e7\u00e3o:<\/strong><br \/>\u2013 Boleto Banc\u00e1rio: em at\u00e9 3 dias \u00fateis;<br \/>\u2013 Cart\u00e3o de Cr\u00e9dito: em at\u00e9 1 hora;<br \/>\u2013 PIX: 05 minutos<br \/><br \/><\/p>\n<hr \/>\n<h4><strong>PACOTE DE INSCRI\u00c7\u00d5ES<br \/><\/strong><\/h4>\n<p>Ser\u00e3o aceitas inscri\u00e7\u00f5es por pacotes de pelo menos 10 (dez) inscri\u00e7\u00f5es, pagas em conjunto, de uma s\u00f3 vez, com emiss\u00e3o de boleto \u00fanico. As inscri\u00e7\u00f5es por pacotes dever\u00e3o ser realizadas atrav\u00e9s do painel do congressista no menu: <strong>INSCRI\u00c7\u00d5ES -&gt; PACOTE DE INSCRI\u00c7\u00d5ES<\/strong>.<br \/><br \/><\/p>\n<p>Todos os congressistas, que ir\u00e3o compor o pacote, dever\u00e3o estar previamente cadastrados no sistema. Caso contr\u00e1rio n\u00e3o ser\u00e1 poss\u00edvel inseri-los no pacote de inscri\u00e7\u00f5es. Abaixo a tabela de desconto referente ao n\u00famero de congressistas por pacote.<br \/><br \/><\/p>\n<p>DATA LIMITE para solicita\u00e7\u00e3o de Pacote at\u00e9 o dia: <strong>21\/05\/2025<br \/><br \/><\/strong><\/p>\n<p>Pacote de 10 a 20 inscritos, desconto de\u00a0<strong>10%<\/strong><br \/>Pacote de 21 a 30 inscritos, desconto de\u00a0<strong>15%<\/strong><br \/>Pacote de 31 a 50 inscritos, desconto de\u00a0<strong>20%<\/strong><br \/>Pacote acima de 50 inscritos, desconto de\u00a0<strong>25%<br \/><br \/><\/strong><\/p>\n<hr \/>\n<h4><strong>CERTIFICADOS<\/strong><\/h4>\n<p>Os certificados\u00a0<strong>DE PARTICIPA\u00c7\u00c3O<\/strong>\u00a0ser\u00e3o disponibilizados, no painel do congressista, 30 (trinta) dias ap\u00f3s o t\u00e9rmino do evento. N\u00e3o haver\u00e1 emiss\u00e3o de certificados de participa\u00e7\u00e3o no local do evento.<br \/><br \/><\/p>\n<hr \/>\n<h4><strong>POL\u00cdTICA DE REEMBOLSO<\/strong><\/h4>\n<p><strong><br \/>Sem Justificativa:<\/strong>\u00a0Prazo para solicita\u00e7\u00e3o: at\u00e9 30 (trinta) dias antes do evento.<br \/>Valor a ser reembolsado: 80% do valor pago.<br \/>Deve-se acessar o painel do congressista, no menu superior clicar em \u201cInscri\u00e7\u00f5es -&gt; Minhas Inscri\u00e7\u00f5es\u201d e solicitar o reembolso da fatura referente a inscri\u00e7\u00e3o no evento.<\/p>\n<p><strong><br \/>Problemas de Sa\u00fade:<\/strong>\u00a0Prazo para solicita\u00e7\u00e3o: at\u00e9 3 (tr\u00eas) dias antes do evento.<br \/>Valor a ser reembolsado: 80% do valor pago.<br \/>Deve-se acessar o painel do congressista, no menu superior clicar em \u201cInscri\u00e7\u00f5es -&gt; Minhas Inscri\u00e7\u00f5es\u201d e solicitar o reembolso da fatura referente a inscri\u00e7\u00e3o no evento.<\/p>\n<p><strong><br \/>Duplicidade de Pagamento:<\/strong>\u00a0Prazo para solicita\u00e7\u00e3o: at\u00e9 3 (tr\u00eas) dias antes do evento.<br \/>Valor a ser reembolsado: 100% do valor pago.<br \/>Deve-se acessar o painel do congressista, no menu superior clicar em \u201cInscri\u00e7\u00f5es -&gt; Minhas Inscri\u00e7\u00f5es\u201d e solicitar o reembolso da fatura referente a inscri\u00e7\u00e3o no evento.<\/p>\n<p><strong><br \/>N\u00e3o Comparecimento:<\/strong>\u00a0Em caso de n\u00e3o comparecimento, o valor pago pela inscri\u00e7\u00e3o do evento ou oficina n\u00e3o ser\u00e1 devolvido.<\/p>\n<hr \/>\n<p style=\"text-align: left;\">\u00a0<\/p>\n\n\n<p><\/p>\n","protected":false},"excerpt":{"rendered":"TABELA DE VALORES \u00a0 \u00a0 INFORMA\u00c7\u00d5ES IMPORTANTES:\u00a0 a) As vagas para o evento s\u00e3o LIMITADAS!b) Formas de pagamentos dispon\u00edveis:\u2013 Boleto Banc\u00e1rio (at\u00e9 21\/05\/25);\u2013 Cart\u00e3o de Cr\u00e9dito;\u2013 PIX Prazos para compensa\u00e7\u00e3o:\u2013 Boleto Banc\u00e1rio: em at\u00e9 3 dias \u00fateis;\u2013 Cart\u00e3o de Cr\u00e9dito: em at\u00e9 1 hora;\u2013 PIX: 05 minutos PACOTE DE INSCRI\u00c7\u00d5ES Ser\u00e3o aceitas inscri\u00e7\u00f5es por pacotes&#8230; <a class=\"view-article\" href=\"https:\/\/conem.org.br\/2025\/inscricoes-online\/\">Ver artigo<\/a>","protected":false},"author":2,"featured_media":3538,"parent":0,"menu_order":8,"comment_status":"closed","ping_status":"closed","template":"template_institutional.php","meta":{"footnotes":""},"class_list":["post-1425","page","type-page","status-publish","has-post-thumbnail","hentry"],"_links":{"self":[{"href":"https:\/\/conem.org.br\/2025\/wp-json\/wp\/v2\/pages\/1425","targetHints":{"allow":["GET"]}}],"collection":[{"href":"https:\/\/conem.org.br\/2025\/wp-json\/wp\/v2\/pages"}],"about":[{"href":"https:\/\/conem.org.br\/2025\/wp-json\/wp\/v2\/types\/page"}],"author":[{"embeddable":true,"href":"https:\/\/conem.org.br\/2025\/wp-json\/wp\/v2\/users\/2"}],"replies":[{"embeddable":true,"href":"https:\/\/conem.org.br\/2025\/wp-json\/wp\/v2\/comments?post=1425"}],"version-history":[{"count":10,"href":"https:\/\/conem.org.br\/2025\/wp-json\/wp\/v2\/pages\/1425\/revisions"}],"predecessor-version":[{"id":3561,"href":"https:\/\/conem.org.br\/2025\/wp-json\/wp\/v2\/pages\/1425\/revisions\/3561"}],"wp:featuredmedia":[{"embeddable":true,"href":"https:\/\/conem.org.br\/2025\/wp-json\/wp\/v2\/media\/3538"}],"wp:attachment":[{"href":"https:\/\/conem.org.br\/2025\/wp-json\/wp\/v2\/media?parent=1425"}],"curies":[{"name":"wp","href":"https:\/\/api.w.org\/{rel}","templated":true}]}}