{"id":159,"date":"2016-04-15T04:31:33","date_gmt":"2016-04-15T04:31:33","guid":{"rendered":"http:\/\/cobem.com.br\/2016\/?page_id=159"},"modified":"2025-04-07T21:11:23","modified_gmt":"2025-04-07T21:11:23","slug":"eixos-tematicos","status":"publish","type":"page","link":"https:\/\/conem.org.br\/2025\/o-congresso\/eixos-tematicos\/","title":{"rendered":"Eixos Tem\u00e1ticos"},"content":{"rendered":"<h4 style=\"text-align: center;\"><span style=\"color: #000000;\"><strong>Tema Central:<br \/>Entre caminhos e caminhadas na educa\u00e7\u00e3o m\u00e9dica, \u201cCaminhando eu vou\u201d.<\/strong><\/span><\/h4>\n<hr \/>\n<p><span style=\"color: #000000;\"><strong><br \/>Eixo 1:<br \/><\/strong>SUS enquanto escola: potencialidades e desafios de unir assist\u00eancia a sa\u00fade e processo educacional<\/span><\/p>\n<hr \/>\n<p><span style=\"color: #000000;\"><strong><br \/>Eixo 2:<br \/><\/strong>Doc\u00eancia, preceptoria e gest\u00e3o: Desafios frente as transforma\u00e7\u00f5es da educa\u00e7\u00e3o m\u00e9dica no Brasil<br \/><strong><br \/><\/strong><\/span><\/p>\n<hr \/>\n<p><span style=\"color: #000000;\"><strong><br \/>Eixo 3:<br \/><\/strong>Trabalho m\u00e9dico: caminhos para os egressos e necessidades do SUS<strong><br \/><\/strong><\/span><\/p>\n\n\n<p><\/p>\n","protected":false},"excerpt":{"rendered":"Tema Central:Entre caminhos e caminhadas na educa\u00e7\u00e3o m\u00e9dica, \u201cCaminhando eu vou\u201d. Eixo 1:SUS enquanto escola: potencialidades e desafios de unir assist\u00eancia a sa\u00fade e processo educacional Eixo 2:Doc\u00eancia, preceptoria e gest\u00e3o: Desafios frente as transforma\u00e7\u00f5es da educa\u00e7\u00e3o m\u00e9dica no Brasil Eixo 3:Trabalho m\u00e9dico: caminhos para os egressos e necessidades do SUS","protected":false},"author":2,"featured_media":3538,"parent":23,"menu_order":3,"comment_status":"closed","ping_status":"closed","template":"template_institutional.php","meta":{"footnotes":""},"class_list":["post-159","page","type-page","status-publish","has-post-thumbnail","hentry"],"_links":{"self":[{"href":"https:\/\/conem.org.br\/2025\/wp-json\/wp\/v2\/pages\/159","targetHints":{"allow":["GET"]}}],"collection":[{"href":"https:\/\/conem.org.br\/2025\/wp-json\/wp\/v2\/pages"}],"about":[{"href":"https:\/\/conem.org.br\/2025\/wp-json\/wp\/v2\/types\/page"}],"author":[{"embeddable":true,"href":"https:\/\/conem.org.br\/2025\/wp-json\/wp\/v2\/users\/2"}],"replies":[{"embeddable":true,"href":"https:\/\/conem.org.br\/2025\/wp-json\/wp\/v2\/comments?post=159"}],"version-history":[{"count":10,"href":"https:\/\/conem.org.br\/2025\/wp-json\/wp\/v2\/pages\/159\/revisions"}],"predecessor-version":[{"id":3568,"href":"https:\/\/conem.org.br\/2025\/wp-json\/wp\/v2\/pages\/159\/revisions\/3568"}],"up":[{"embeddable":true,"href":"https:\/\/conem.org.br\/2025\/wp-json\/wp\/v2\/pages\/23"}],"wp:featuredmedia":[{"embeddable":true,"href":"https:\/\/conem.org.br\/2025\/wp-json\/wp\/v2\/media\/3538"}],"wp:attachment":[{"href":"https:\/\/conem.org.br\/2025\/wp-json\/wp\/v2\/media?parent=159"}],"curies":[{"name":"wp","href":"https:\/\/api.w.org\/{rel}","templated":true}]}}