{"id":135,"date":"2016-03-31T14:21:06","date_gmt":"2016-03-31T14:21:06","guid":{"rendered":"http:\/\/localhost:8080\/?page_id=2"},"modified":"2026-02-10T20:12:38","modified_gmt":"2026-02-10T20:12:38","slug":"home","status":"publish","type":"page","link":"https:\/\/conem.org.br\/2026\/","title":{"rendered":"Home"},"content":{"rendered":"\t\t<div data-elementor-type=\"wp-page\" data-elementor-id=\"135\" class=\"elementor elementor-135\" data-elementor-post-type=\"page\">\n\t\t\t\t<div class=\"elementor-element elementor-element-7b72d33 e-con-full e-flex e-con e-parent\" data-id=\"7b72d33\" data-element_type=\"container\">\n\t\t\t\t<div class=\"elementor-element elementor-element-fd143f5 elementor--h-position-center elementor--v-position-middle elementor-widget elementor-widget-slides\" data-id=\"fd143f5\" data-element_type=\"widget\" data-settings=\"{&quot;navigation&quot;:&quot;none&quot;,&quot;transition&quot;:&quot;slide&quot;,&quot;transition_speed&quot;:500}\" data-widget_type=\"slides.default\">\n\t\t\t\t\t\t\t\t\t\t<div class=\"elementor-slides-wrapper elementor-main-swiper swiper\" role=\"region\" aria-roledescription=\"carousel\" aria-label=\"Slides\" dir=\"ltr\" data-animation=\"fadeInDown\">\n\t\t\t\t<div class=\"swiper-wrapper elementor-slides\">\n\t\t\t\t\t\t\t\t\t\t<div class=\"elementor-repeater-item-422f0cc swiper-slide\" role=\"group\" aria-roledescription=\"slide\"><div class=\"swiper-slide-bg elementor-ken-burns elementor-ken-burns--in\" role=\"img\" aria-label=\"Imagem_turistica_conem_SE_2\"><\/div><div class=\"elementor-background-overlay\"><\/div><div class=\"swiper-slide-inner\" ><div class=\"swiper-slide-contents\"><div class=\"elementor-slide-heading\">3\u00ba CONEM-NE1<br>Congresso Nordestino de Educa\u00e7\u00e3o M\u00e9dica<\/div><div class=\"elementor-slide-description\">Tiradentes Innovation Center<br>\n01 e 02 de maio de 2026 | Aracaju-SE\n\n<br><br>\n<b>Tema Central:<\/b><br\/>\n<i>\"Ser farol na educa\u00e7\u00e3o m\u00e9dica: iluminando as DCN\u2019s.\"<\/i><\/div><a href=\"https:\/\/conem.org.br\/2026\/inscricoes\/\" class=\"elementor-button elementor-slide-button elementor-size-xs\">INSCREVA-SE<\/a><\/div><\/div><\/div>\t\t\t\t<\/div>\n\t\t\t\t\t\t\t<\/div>\n\t\t\t\t\t\t\t\t<\/div>\n\t\t\t\t<div class=\"elementor-element elementor-element-6f88cab elementor-widget elementor-widget-text-editor\" data-id=\"6f88cab\" data-element_type=\"widget\" data-widget_type=\"text-editor.default\">\n\t\t\t\t\t\t\t\t\t<p>Foto: Guilherme Sircili<\/p>\t\t\t\t\t\t\t\t<\/div>\n\t\t\t\t<\/div>\n\t\t<div class=\"elementor-element elementor-element-168e7467 e-flex e-con-boxed e-con e-parent\" data-id=\"168e7467\" data-element_type=\"container\">\n\t\t\t\t\t<div class=\"e-con-inner\">\n\t\t\t\t<div class=\"elementor-element elementor-element-33efe02 elementor-widget elementor-widget-heading\" data-id=\"33efe02\" data-element_type=\"widget\" data-widget_type=\"heading.default\">\n\t\t\t\t\t<h2 class=\"elementor-heading-title elementor-size-default\">Seja bem-vindo!<\/h2>\t\t\t\t<\/div>\n\t\t\t\t<div class=\"elementor-element elementor-element-678aedac elementor-widget elementor-widget-text-editor\" data-id=\"678aedac\" data-element_type=\"widget\" data-widget_type=\"text-editor.default\">\n\t\t\t\t\t\t\t\t\t<p style=\"text-align: center;\">Prezados colegas, sejam todos bem-vindos ao 3\u00ba Congresso Nordestino de Educa\u00e7\u00e3o M\u00e9dica, o <strong>CONEM.<\/strong><\/p>\n<p style=\"text-align: center;\">Estamos muito felizes por receb\u00ea-los em Aracaju. O <strong>CONEM<\/strong> \u00e9 um evento sobre ensino e aprendizagem em sa\u00fade, que busca discutir, de forma cordial e igualit\u00e1ria, experi\u00eancias, voca\u00e7\u00f5es, viv\u00eancias e opini\u00f5es diversas, sempre mediadas pelo objetivo comum de contribuir para que a educa\u00e7\u00e3o m\u00e9dica seja eficiente e prazerosa para estudantes, professores e preceptores, e segura para os usu\u00e1rios.<\/p>\n<p style=\"text-align: center;\">Desde 29 de setembro de 2025 estamos discutindo e vivenciando a incorpora\u00e7\u00e3o das novas Diretrizes Curriculares Nacionais (DCNs), as quais chegam com proposi\u00e7\u00f5es atuais que teremos que colocar em pr\u00e1tica nos nossos cursos, ao mesmo tempo que enfrentamos velhos e novos problemas, desde proje\u00e7\u00e3o de cortes de verbas at\u00e9 a necessidade de pol\u00edticas de inclus\u00e3o e perman\u00eancia que acolham a diversidade, t\u00e3o necess\u00e1ria e bem-vinda entre discentes e docentes.<\/p>\n<p style=\"text-align: center;\">Esperamos que todos apreciem e participem ativamente das discuss\u00f5es. Aracaju recebe a todas e todos de bra\u00e7os abertos.<\/p>\t\t\t\t\t\t\t\t<\/div>\n\t\t\t\t<div class=\"elementor-element elementor-element-d3c2859 elementor-widget-divider--view-line elementor-widget elementor-widget-divider\" data-id=\"d3c2859\" data-element_type=\"widget\" data-widget_type=\"divider.default\">\n\t\t\t\t\t\t\t<div class=\"elementor-divider\">\n\t\t\t<span class=\"elementor-divider-separator\">\n\t\t\t\t\t\t<\/span>\n\t\t<\/div>\n\t\t\t\t\t\t<\/div>\n\t\t\t\t<div class=\"elementor-element elementor-element-57e8f39 elementor-widget elementor-widget-heading\" data-id=\"57e8f39\" data-element_type=\"widget\" data-widget_type=\"heading.default\">\n\t\t\t\t\t<h2 class=\"elementor-heading-title elementor-size-default\">INFORMA\u00c7\u00d5ES GERAIS:<\/h2>\t\t\t\t<\/div>\n\t\t\t\t<div class=\"elementor-element elementor-element-dc872bb elementor-widget elementor-widget-text-editor\" data-id=\"dc872bb\" data-element_type=\"widget\" data-widget_type=\"text-editor.default\">\n\t\t\t\t\t\t\t\t\t<p><strong>Local do Evento:<\/strong>\u00a0Tiradentes Innovation Center<\/p>\n<p><strong>Endere\u00e7o:<\/strong> Av. Murilo Dantas, 300 \u2013 Bloco A &#8211; Universidade Tiradentes, Farol\u00e2ndia, Aracaju \u2013 SE<\/p>\n<p><strong>Data do Evento:<\/strong> 01 a 02 de maio de 2026<\/p>\t\t\t\t\t\t\t\t<\/div>\n\t\t\t\t<div class=\"elementor-element elementor-element-b9540b4 elementor-widget elementor-widget-google_maps\" data-id=\"b9540b4\" data-element_type=\"widget\" data-widget_type=\"google_maps.default\">\n\t\t\t\t\t\t\t<div class=\"elementor-custom-embed\">\n\t\t\t<iframe loading=\"lazy\"\n\t\t\t\t\tsrc=\"https:\/\/maps.google.com\/maps?q=Av.%20Murilo%20Dantas%2C%20300%20%E2%80%93%20Bloco%20A%20-%20Universidade%20Tiradentes%20Farol%C3%A2ndia%2C%20Aracaju%20%E2%80%93%20SE%20CEP%2049032-490&#038;t=m&#038;z=15&#038;output=embed&#038;iwloc=near\"\n\t\t\t\t\ttitle=\"Av. Murilo Dantas, 300 \u2013 Bloco A - Universidade Tiradentes Farol\u00e2ndia, Aracaju \u2013 SE CEP 49032-490\"\n\t\t\t\t\taria-label=\"Av. Murilo Dantas, 300 \u2013 Bloco A - Universidade Tiradentes Farol\u00e2ndia, Aracaju \u2013 SE CEP 49032-490\"\n\t\t\t><\/iframe>\n\t\t<\/div>\n\t\t\t\t\t\t<\/div>\n\t\t\t\t<div class=\"elementor-element elementor-element-dbaab91 elementor-widget-divider--view-line elementor-widget elementor-widget-divider\" data-id=\"dbaab91\" data-element_type=\"widget\" data-widget_type=\"divider.default\">\n\t\t\t\t\t\t\t<div class=\"elementor-divider\">\n\t\t\t<span class=\"elementor-divider-separator\">\n\t\t\t\t\t\t<\/span>\n\t\t<\/div>\n\t\t\t\t\t\t<\/div>\n\t\t\t\t<div class=\"elementor-element elementor-element-d106170 elementor-widget elementor-widget-heading\" data-id=\"d106170\" data-element_type=\"widget\" data-widget_type=\"heading.default\">\n\t\t\t\t\t<h2 class=\"elementor-heading-title elementor-size-default\">REALIZA\u00c7\u00c3O:<\/h2>\t\t\t\t<\/div>\n\t\t\t\t<div class=\"elementor-element elementor-element-d24012b elementor-widget elementor-widget-image\" data-id=\"d24012b\" data-element_type=\"widget\" data-widget_type=\"image.default\">\n\t\t\t\t\t\t\t\t\t\t\t\t\t\t\t<img fetchpriority=\"high\" decoding=\"async\" width=\"580\" height=\"280\" src=\"https:\/\/conem.org.br\/2026\/wp-content\/uploads\/2019\/09\/abem_v2.jpg\" class=\"attachment-large size-large wp-image-2969\" alt=\"\" srcset=\"https:\/\/conem.org.br\/2026\/wp-content\/uploads\/2019\/09\/abem_v2.jpg 580w, https:\/\/conem.org.br\/2026\/wp-content\/uploads\/2019\/09\/abem_v2-250x121.jpg 250w, https:\/\/conem.org.br\/2026\/wp-content\/uploads\/2019\/09\/abem_v2-120x58.jpg 120w\" sizes=\"(max-width: 580px) 100vw, 580px\" \/>\t\t\t\t\t\t\t\t\t\t\t\t\t\t\t<\/div>\n\t\t\t\t<div class=\"elementor-element elementor-element-b82deff elementor-widget elementor-widget-spacer\" data-id=\"b82deff\" data-element_type=\"widget\" data-widget_type=\"spacer.default\">\n\t\t\t\t\t\t\t<div class=\"elementor-spacer\">\n\t\t\t<div class=\"elementor-spacer-inner\"><\/div>\n\t\t<\/div>\n\t\t\t\t\t\t<\/div>\n\t\t\t\t\t<\/div>\n\t\t\t\t<\/div>\n\t\t\t\t<\/div>\n\t\t","protected":false},"excerpt":{"rendered":"<p>3\u00ba CONEM-NE1Congresso Nordestino de Educa\u00e7\u00e3o M\u00e9dicaTiradentes Innovation Center 01 e 02 de maio de 2026 | Aracaju-SE Tema Central: &#8220;Ser farol na educa\u00e7\u00e3o m\u00e9dica: iluminando as DCN\u2019s.&#8221;INSCREVA-SE Foto: Guilherme Sircili Seja bem-vindo! Prezados colegas, sejam todos bem-vindos ao 3\u00ba Congresso Nordestino de Educa\u00e7\u00e3o M\u00e9dica, o CONEM. Estamos muito felizes por receb\u00ea-los em Aracaju. O CONEM [&hellip;]<\/p>\n","protected":false},"author":2,"featured_media":0,"parent":0,"menu_order":1,"comment_status":"closed","ping_status":"closed","template":"","meta":{"footnotes":""},"class_list":["post-135","page","type-page","status-publish","hentry"],"_links":{"self":[{"href":"https:\/\/conem.org.br\/2026\/wp-json\/wp\/v2\/pages\/135","targetHints":{"allow":["GET"]}}],"collection":[{"href":"https:\/\/conem.org.br\/2026\/wp-json\/wp\/v2\/pages"}],"about":[{"href":"https:\/\/conem.org.br\/2026\/wp-json\/wp\/v2\/types\/page"}],"author":[{"embeddable":true,"href":"https:\/\/conem.org.br\/2026\/wp-json\/wp\/v2\/users\/2"}],"replies":[{"embeddable":true,"href":"https:\/\/conem.org.br\/2026\/wp-json\/wp\/v2\/comments?post=135"}],"version-history":[{"count":10,"href":"https:\/\/conem.org.br\/2026\/wp-json\/wp\/v2\/pages\/135\/revisions"}],"predecessor-version":[{"id":3518,"href":"https:\/\/conem.org.br\/2026\/wp-json\/wp\/v2\/pages\/135\/revisions\/3518"}],"wp:attachment":[{"href":"https:\/\/conem.org.br\/2026\/wp-json\/wp\/v2\/media?parent=135"}],"curies":[{"name":"wp","href":"https:\/\/api.w.org\/{rel}","templated":true}]}}