{"id":3581,"date":"2026-01-09T21:24:37","date_gmt":"2026-01-09T21:24:37","guid":{"rendered":"https:\/\/conem.org.br\/2026\/?page_id=3581"},"modified":"2026-02-10T20:55:24","modified_gmt":"2026-02-10T20:55:24","slug":"organizacao","status":"publish","type":"page","link":"https:\/\/conem.org.br\/2026\/organizacao\/","title":{"rendered":"Organiza\u00e7\u00e3o"},"content":{"rendered":"\t\t<div data-elementor-type=\"wp-page\" data-elementor-id=\"3581\" class=\"elementor elementor-3581\" data-elementor-post-type=\"page\">\n\t\t\t\t<div class=\"elementor-element elementor-element-7adc809 e-con-full e-flex e-con e-parent\" data-id=\"7adc809\" data-element_type=\"container\">\n\t\t\t\t<div class=\"elementor-element elementor-element-471a2d2 elementor--h-position-center elementor--v-position-middle elementor-widget elementor-widget-slides\" data-id=\"471a2d2\" data-element_type=\"widget\" data-settings=\"{&quot;navigation&quot;:&quot;none&quot;,&quot;transition&quot;:&quot;slide&quot;,&quot;transition_speed&quot;:500}\" data-widget_type=\"slides.default\">\n\t\t\t\t\t\t\t\t\t\t<div class=\"elementor-slides-wrapper elementor-main-swiper swiper\" role=\"region\" aria-roledescription=\"carousel\" aria-label=\"Slides\" dir=\"ltr\" data-animation=\"\">\n\t\t\t\t<div class=\"swiper-wrapper elementor-slides\">\n\t\t\t\t\t\t\t\t\t\t<div class=\"elementor-repeater-item-cb82680 swiper-slide\" role=\"group\" aria-roledescription=\"slide\"><div class=\"swiper-slide-bg\" role=\"img\" aria-label=\"Imagem_turistica_conem_SE_2\"><\/div><div class=\"elementor-background-overlay\"><\/div><div class=\"swiper-slide-inner\" ><div class=\"swiper-slide-contents\"><div class=\"elementor-slide-heading\">Organiza\u00e7\u00e3o<\/div><\/div><\/div><\/div>\t\t\t\t<\/div>\n\t\t\t\t\t\t\t<\/div>\n\t\t\t\t\t\t\t\t<\/div>\n\t\t\t\t<\/div>\n\t\t<div class=\"elementor-element elementor-element-8961905 e-flex e-con-boxed e-con e-parent\" data-id=\"8961905\" data-element_type=\"container\">\n\t\t\t\t\t<div class=\"e-con-inner\">\n\t\t\t\t<div class=\"elementor-element elementor-element-2a02125 elementor-widget elementor-widget-text-editor\" data-id=\"2a02125\" data-element_type=\"widget\" data-widget_type=\"text-editor.default\">\n\t\t\t\t\t\t\t\t\t<p><strong>PRESIDENTE DOCENTE:<\/strong> <br \/>&#8211; Jeroc\u00edlio Maciel de Oliveira J\u00fanior &#8211; UNIT Est\u00e2ncia<\/p>\n<p><strong>PRESIDENTE DISCENTE:<\/strong> <br \/>&#8211; Jo\u00e3o Rodrigues Neto &#8211; UFS Lagarto<\/p>\n<p>\u00a0<\/p>\n<p><strong>COMISS\u00c3O | PROGRAMA\u00c7\u00c3O E CULTURAL<\/strong>\u00a0<br \/>&#8211; I\u00eada Maria Barbosa Aleluia (EBMSP)<br \/>&#8211; Kleyton de Andrade Bastos (UFS)<br \/>&#8211; Lis Campos Ferreira (UFS)<br \/>&#8211; Gabriel Lima e Meira (UNIT)<br \/>&#8211; Matheus Gama Santos (EBMSP)<br \/>&#8211; B\u00e1rbara Lima (UFAL)<br \/>&#8211; Clara Ribeiro (UFS)<br \/>&#8211; Ailane Maria Prado Reis Passos (UFS Lagarto)<br \/><br \/><\/p>\n<p><strong>COMISS\u00c3O | CIENT\u00cdFICA<\/strong> <br \/>&#8211;\u00a0Rosana Cipolotti (UFS Aracaju)<br \/>&#8211; Marta Silva Menezes (EBMSP)<br \/>&#8211; Carine Oliveira dos Santos (SMS Salvador)<br \/>&#8211; Dalmo Correia (UNIT)<br \/>&#8211; Guilherme Caxico de Abreu (UNIT)<br \/>&#8211; In\u00e1cio Ven\u00e2ncio Farias Neto (UNIT)<br \/>&#8211; Ana Izabel Nascimento Souza (UFS)<\/p>\n<p>\u00a0<\/p>\n<p><strong>COMISS\u00c3O | FINANCEIRO\u00a0<\/strong><br \/>&#8211;\u00a0Humberto Castro Lima Filho (EBMSP)<br \/>&#8211; Jeroc\u00edlio Maciel de Oliveira J\u00fanior (UNIT Est\u00e2ncia)<\/p>\n<p>\u00a0<\/p>\n<p><strong>COMISS\u00c3O | INFRAESTRUTURA\u00a0<\/strong><br \/>&#8211;\u00a0Hugo Nivaldo Melo Almeida Lima (UNIT)<br \/>&#8211; Adriana de Oliveira Guimar\u00e3es (UNIT)<br \/>&#8211; Ana Elisabeth Oliveira (UNIT)<\/p>\n<p>\u00a0<\/p>\n<p><strong>COMISS\u00c3O | INSCRI\u00c7\u00c3O E DIVULGA\u00c7\u00c3O<\/strong><br \/>&#8211;\u00a0Rafael Carneiro de L\u00e9lis (EBMSP)<br \/>&#8211; J\u00falio C\u00e9sar de Albuquerque Batinga (UFAL)<\/p>\n<p><\/p>\t\t\t\t\t\t\t\t<\/div>\n\t\t\t\t<div class=\"elementor-element elementor-element-5e3c1d2 elementor-widget elementor-widget-spacer\" data-id=\"5e3c1d2\" data-element_type=\"widget\" data-widget_type=\"spacer.default\">\n\t\t\t\t\t\t\t<div class=\"elementor-spacer\">\n\t\t\t<div class=\"elementor-spacer-inner\"><\/div>\n\t\t<\/div>\n\t\t\t\t\t\t<\/div>\n\t\t\t\t\t<\/div>\n\t\t\t\t<\/div>\n\t\t\t\t<\/div>\n\t\t","protected":false},"excerpt":{"rendered":"<p>Organiza\u00e7\u00e3o PRESIDENTE DOCENTE: &#8211; Jeroc\u00edlio Maciel de Oliveira J\u00fanior &#8211; UNIT Est\u00e2ncia PRESIDENTE DISCENTE: &#8211; Jo\u00e3o Rodrigues Neto &#8211; UFS Lagarto \u00a0 COMISS\u00c3O | PROGRAMA\u00c7\u00c3O E CULTURAL\u00a0&#8211; I\u00eada Maria Barbosa Aleluia (EBMSP)&#8211; Kleyton de Andrade Bastos (UFS)&#8211; Lis Campos Ferreira (UFS)&#8211; Gabriel Lima e Meira (UNIT)&#8211; Matheus Gama Santos (EBMSP)&#8211; B\u00e1rbara Lima (UFAL)&#8211; Clara Ribeiro [&hellip;]<\/p>\n","protected":false},"author":2,"featured_media":0,"parent":0,"menu_order":2,"comment_status":"closed","ping_status":"closed","template":"","meta":{"footnotes":""},"class_list":["post-3581","page","type-page","status-publish","hentry"],"_links":{"self":[{"href":"https:\/\/conem.org.br\/2026\/wp-json\/wp\/v2\/pages\/3581","targetHints":{"allow":["GET"]}}],"collection":[{"href":"https:\/\/conem.org.br\/2026\/wp-json\/wp\/v2\/pages"}],"about":[{"href":"https:\/\/conem.org.br\/2026\/wp-json\/wp\/v2\/types\/page"}],"author":[{"embeddable":true,"href":"https:\/\/conem.org.br\/2026\/wp-json\/wp\/v2\/users\/2"}],"replies":[{"embeddable":true,"href":"https:\/\/conem.org.br\/2026\/wp-json\/wp\/v2\/comments?post=3581"}],"version-history":[{"count":10,"href":"https:\/\/conem.org.br\/2026\/wp-json\/wp\/v2\/pages\/3581\/revisions"}],"predecessor-version":[{"id":4011,"href":"https:\/\/conem.org.br\/2026\/wp-json\/wp\/v2\/pages\/3581\/revisions\/4011"}],"wp:attachment":[{"href":"https:\/\/conem.org.br\/2026\/wp-json\/wp\/v2\/media?parent=3581"}],"curies":[{"name":"wp","href":"https:\/\/api.w.org\/{rel}","templated":true}]}}