{"id":3635,"date":"2026-01-09T21:24:37","date_gmt":"2026-01-09T21:24:37","guid":{"rendered":"https:\/\/conem.org.br\/2026\/?page_id=3635"},"modified":"2026-03-27T16:54:48","modified_gmt":"2026-03-27T16:54:48","slug":"temario","status":"publish","type":"page","link":"https:\/\/conem.org.br\/2026\/temario\/","title":{"rendered":"Tem\u00e1rio"},"content":{"rendered":"\t\t<div data-elementor-type=\"wp-page\" data-elementor-id=\"3635\" class=\"elementor elementor-3635\" data-elementor-post-type=\"page\">\n\t\t\t\t<div class=\"elementor-element elementor-element-7adc809 e-con-full e-flex e-con e-parent\" data-id=\"7adc809\" data-element_type=\"container\">\n\t\t\t\t<div class=\"elementor-element elementor-element-471a2d2 elementor--h-position-center elementor--v-position-middle elementor-widget elementor-widget-slides\" data-id=\"471a2d2\" data-element_type=\"widget\" data-settings=\"{&quot;navigation&quot;:&quot;none&quot;,&quot;transition&quot;:&quot;slide&quot;,&quot;transition_speed&quot;:500}\" data-widget_type=\"slides.default\">\n\t\t\t\t\t\t\t\t\t\t<div class=\"elementor-slides-wrapper elementor-main-swiper swiper\" role=\"region\" aria-roledescription=\"carousel\" aria-label=\"Slides\" dir=\"ltr\" data-animation=\"\">\n\t\t\t\t<div class=\"swiper-wrapper elementor-slides\">\n\t\t\t\t\t\t\t\t\t\t<div class=\"elementor-repeater-item-cb82680 swiper-slide\" role=\"group\" aria-roledescription=\"slide\"><div class=\"swiper-slide-bg\" role=\"img\" aria-label=\"Imagem_turistica_conem_SE_2\"><\/div><div class=\"elementor-background-overlay\"><\/div><div class=\"swiper-slide-inner\" ><div class=\"swiper-slide-contents\"><div class=\"elementor-slide-heading\">Tem\u00e1rio<\/div><\/div><\/div><\/div>\t\t\t\t<\/div>\n\t\t\t\t\t\t\t<\/div>\n\t\t\t\t\t\t\t\t<\/div>\n\t\t\t\t<\/div>\n\t\t<div class=\"elementor-element elementor-element-8961905 e-flex e-con-boxed e-con e-parent\" data-id=\"8961905\" data-element_type=\"container\">\n\t\t\t\t\t<div class=\"e-con-inner\">\n\t\t\t\t<div class=\"elementor-element elementor-element-2a02125 elementor-widget elementor-widget-text-editor\" data-id=\"2a02125\" data-element_type=\"widget\" data-widget_type=\"text-editor.default\">\n\t\t\t\t\t\t\t\t\t<p style=\"text-align: center;\"><strong>TEMA CENTRAL:<\/strong><br \/><em>\u201cSer farol na educa\u00e7\u00e3o m\u00e9dica: iluminando as DCN\u2019s..<\/em><\/p>\n<p>\u00a0<\/p>\n<p style=\"text-align: center;\"><strong>EIXO 1: <br \/><\/strong>Forma\u00e7\u00e3o docente<\/p>\n<p style=\"text-align: center;\"><strong><br \/><\/strong><strong>EIXO 2:<br \/><\/strong>Sa\u00fade f\u00edsica e mental do estudante e do docente<\/p>\n<p style=\"text-align: center;\"><strong><br \/><\/strong><strong>EIXO 3:<br \/><\/strong>Processo avaliativo<strong><br \/><\/strong><br \/><strong><br \/>EIXO 4:<br \/><\/strong>Inclus\u00e3o, pertencimento e acessibilidade<br \/><br \/><\/p>\n<p><\/p>\t\t\t\t\t\t\t\t<\/div>\n\t\t\t\t<div class=\"elementor-element elementor-element-ad69ebf elementor-widget elementor-widget-spacer\" data-id=\"ad69ebf\" data-element_type=\"widget\" data-widget_type=\"spacer.default\">\n\t\t\t\t\t\t\t<div class=\"elementor-spacer\">\n\t\t\t<div class=\"elementor-spacer-inner\"><\/div>\n\t\t<\/div>\n\t\t\t\t\t\t<\/div>\n\t\t\t\t<div class=\"elementor-element elementor-element-09603cf elementor-widget elementor-widget-spacer\" data-id=\"09603cf\" data-element_type=\"widget\" data-widget_type=\"spacer.default\">\n\t\t\t\t\t\t\t<div class=\"elementor-spacer\">\n\t\t\t<div class=\"elementor-spacer-inner\"><\/div>\n\t\t<\/div>\n\t\t\t\t\t\t<\/div>\n\t\t\t\t\t<\/div>\n\t\t\t\t<\/div>\n\t\t\t\t<\/div>\n\t\t","protected":false},"excerpt":{"rendered":"<p>Tem\u00e1rio TEMA CENTRAL:\u201cSer farol na educa\u00e7\u00e3o m\u00e9dica: iluminando as DCN\u2019s.. \u00a0 EIXO 1: Forma\u00e7\u00e3o docente EIXO 2:Sa\u00fade f\u00edsica e mental do estudante e do docente EIXO 3:Processo avaliativoEIXO 4:Inclus\u00e3o, pertencimento e acessibilidade<\/p>\n","protected":false},"author":2,"featured_media":0,"parent":0,"menu_order":2,"comment_status":"closed","ping_status":"closed","template":"","meta":{"footnotes":""},"class_list":["post-3635","page","type-page","status-publish","hentry"],"_links":{"self":[{"href":"https:\/\/conem.org.br\/2026\/wp-json\/wp\/v2\/pages\/3635","targetHints":{"allow":["GET"]}}],"collection":[{"href":"https:\/\/conem.org.br\/2026\/wp-json\/wp\/v2\/pages"}],"about":[{"href":"https:\/\/conem.org.br\/2026\/wp-json\/wp\/v2\/types\/page"}],"author":[{"embeddable":true,"href":"https:\/\/conem.org.br\/2026\/wp-json\/wp\/v2\/users\/2"}],"replies":[{"embeddable":true,"href":"https:\/\/conem.org.br\/2026\/wp-json\/wp\/v2\/comments?post=3635"}],"version-history":[{"count":10,"href":"https:\/\/conem.org.br\/2026\/wp-json\/wp\/v2\/pages\/3635\/revisions"}],"predecessor-version":[{"id":4103,"href":"https:\/\/conem.org.br\/2026\/wp-json\/wp\/v2\/pages\/3635\/revisions\/4103"}],"wp:attachment":[{"href":"https:\/\/conem.org.br\/2026\/wp-json\/wp\/v2\/media?parent=3635"}],"curies":[{"name":"wp","href":"https:\/\/api.w.org\/{rel}","templated":true}]}}