{"id":3649,"date":"2026-01-09T21:24:37","date_gmt":"2026-01-09T21:24:37","guid":{"rendered":"https:\/\/conem.org.br\/2026\/?page_id=3649"},"modified":"2026-02-10T21:02:20","modified_gmt":"2026-02-10T21:02:20","slug":"contato","status":"publish","type":"page","link":"https:\/\/conem.org.br\/2026\/contato\/","title":{"rendered":"Contato"},"content":{"rendered":"\t\t<div data-elementor-type=\"wp-page\" data-elementor-id=\"3649\" class=\"elementor elementor-3649\" data-elementor-post-type=\"page\">\n\t\t\t\t<div class=\"elementor-element elementor-element-7adc809 e-con-full e-flex e-con e-parent\" data-id=\"7adc809\" data-element_type=\"container\">\n\t\t\t\t<div class=\"elementor-element elementor-element-471a2d2 elementor--h-position-center elementor--v-position-middle elementor-widget elementor-widget-slides\" data-id=\"471a2d2\" data-element_type=\"widget\" data-settings=\"{&quot;navigation&quot;:&quot;none&quot;,&quot;transition&quot;:&quot;slide&quot;,&quot;transition_speed&quot;:500}\" data-widget_type=\"slides.default\">\n\t\t\t\t\t\t\t\t\t\t<div class=\"elementor-slides-wrapper elementor-main-swiper swiper\" role=\"region\" aria-roledescription=\"carousel\" aria-label=\"Slides\" dir=\"ltr\" data-animation=\"\">\n\t\t\t\t<div class=\"swiper-wrapper elementor-slides\">\n\t\t\t\t\t\t\t\t\t\t<div class=\"elementor-repeater-item-cb82680 swiper-slide\" role=\"group\" aria-roledescription=\"slide\"><div class=\"swiper-slide-bg\" role=\"img\" aria-label=\"Imagem_turistica_conem_SE_2\"><\/div><div class=\"elementor-background-overlay\"><\/div><div class=\"swiper-slide-inner\" ><div class=\"swiper-slide-contents\"><div class=\"elementor-slide-heading\">Contato<\/div><\/div><\/div><\/div>\t\t\t\t<\/div>\n\t\t\t\t\t\t\t<\/div>\n\t\t\t\t\t\t\t\t<\/div>\n\t\t\t\t<\/div>\n\t\t<div class=\"elementor-element elementor-element-8961905 e-flex e-con-boxed e-con e-parent\" data-id=\"8961905\" data-element_type=\"container\">\n\t\t\t\t\t<div class=\"e-con-inner\">\n\t\t\t\t<div class=\"elementor-element elementor-element-2a02125 elementor-widget elementor-widget-text-editor\" data-id=\"2a02125\" data-element_type=\"widget\" data-widget_type=\"text-editor.default\">\n\t\t\t\t\t\t\t\t\t<p><strong>Associa\u00e7\u00e3o Brasileira de Educa\u00e7\u00e3o M\u00e9dica | ABEM<\/strong><\/p>\n<p>&#8211; CNPJ: 29.212.628\/0001-32<br \/>&#8211; Endere\u00e7o: SCN \u2013 QD 02 \u2013 BL D \u2013 Torre A \u2013 Salas: 1021 e 1023 \u2013 Asa Norte<br \/>&#8211; CEP: 70712-903 | Bras\u00edlia \u2013 DF<\/p>\n<p><br \/>&#8211; Telefones: (61) 3024-9978 \/ 3024-8013<br \/>&#8211; WhatsApp: <span style=\"text-decoration: underline;\"><span style=\"color: #7b360b;\"><a style=\"color: #7b360b; text-decoration: underline;\" href=\"https:\/\/wa.me\/5561985800825\" target=\"_blank\" rel=\"noopener\">(61) 98580-0825<\/a><\/span><\/span><br \/>&#8211; D\u00favidas Gerais: <a href=\"mailto:secretaria@abem-educmed.org.br\" target=\"_blank\" rel=\"noopener\"><span style=\"text-decoration: underline;\"><span style=\"color: #7b360b; text-decoration: underline;\">secretaria@abem-educmed.org.br<\/span><\/span><\/a><br \/>&#8211; Regional Nordeste 1 | Abem: <a href=\"mailto:abemne1@abem-educmed.org.br\" target=\"_blank\" rel=\"noopener\"><span style=\"text-decoration: underline;\"><span style=\"color: #7b360b; text-decoration: underline;\">abemne1@abem-educmed.org.br<\/span><\/span><\/a><\/p>\n<p><\/p>\t\t\t\t\t\t\t\t<\/div>\n\t\t\t\t<div class=\"elementor-element elementor-element-90518f5 elementor-widget elementor-widget-spacer\" data-id=\"90518f5\" data-element_type=\"widget\" data-widget_type=\"spacer.default\">\n\t\t\t\t\t\t\t<div class=\"elementor-spacer\">\n\t\t\t<div class=\"elementor-spacer-inner\"><\/div>\n\t\t<\/div>\n\t\t\t\t\t\t<\/div>\n\t\t\t\t\t<\/div>\n\t\t\t\t<\/div>\n\t\t\t\t<\/div>\n\t\t","protected":false},"excerpt":{"rendered":"<p>Contato Associa\u00e7\u00e3o Brasileira de Educa\u00e7\u00e3o M\u00e9dica | ABEM &#8211; CNPJ: 29.212.628\/0001-32&#8211; Endere\u00e7o: SCN \u2013 QD 02 \u2013 BL D \u2013 Torre A \u2013 Salas: 1021 e 1023 \u2013 Asa Norte&#8211; CEP: 70712-903 | Bras\u00edlia \u2013 DF &#8211; Telefones: (61) 3024-9978 \/ 3024-8013&#8211; WhatsApp: (61) 98580-0825&#8211; D\u00favidas Gerais: secretaria@abem-educmed.org.br&#8211; Regional Nordeste 1 | Abem: abemne1@abem-educmed.org.br<\/p>\n","protected":false},"author":2,"featured_media":0,"parent":0,"menu_order":2,"comment_status":"closed","ping_status":"closed","template":"","meta":{"footnotes":""},"class_list":["post-3649","page","type-page","status-publish","hentry"],"_links":{"self":[{"href":"https:\/\/conem.org.br\/2026\/wp-json\/wp\/v2\/pages\/3649","targetHints":{"allow":["GET"]}}],"collection":[{"href":"https:\/\/conem.org.br\/2026\/wp-json\/wp\/v2\/pages"}],"about":[{"href":"https:\/\/conem.org.br\/2026\/wp-json\/wp\/v2\/types\/page"}],"author":[{"embeddable":true,"href":"https:\/\/conem.org.br\/2026\/wp-json\/wp\/v2\/users\/2"}],"replies":[{"embeddable":true,"href":"https:\/\/conem.org.br\/2026\/wp-json\/wp\/v2\/comments?post=3649"}],"version-history":[{"count":10,"href":"https:\/\/conem.org.br\/2026\/wp-json\/wp\/v2\/pages\/3649\/revisions"}],"predecessor-version":[{"id":4019,"href":"https:\/\/conem.org.br\/2026\/wp-json\/wp\/v2\/pages\/3649\/revisions\/4019"}],"wp:attachment":[{"href":"https:\/\/conem.org.br\/2026\/wp-json\/wp\/v2\/media?parent=3649"}],"curies":[{"name":"wp","href":"https:\/\/api.w.org\/{rel}","templated":true}]}}