{"id":3902,"date":"2026-01-22T13:11:16","date_gmt":"2026-01-22T13:11:16","guid":{"rendered":"https:\/\/conem.org.br\/2026\/?page_id=3902"},"modified":"2026-04-15T14:36:58","modified_gmt":"2026-04-15T14:36:58","slug":"acoes-afirmativas","status":"publish","type":"page","link":"https:\/\/conem.org.br\/2026\/acoes-afirmativas\/","title":{"rendered":"A\u00c7\u00d5ES AFIRMATIVAS"},"content":{"rendered":"\t\t<div data-elementor-type=\"wp-page\" data-elementor-id=\"3902\" class=\"elementor elementor-3902\" data-elementor-post-type=\"page\">\n\t\t\t\t<div class=\"elementor-element elementor-element-cedf2c8 e-con-full e-flex e-con e-parent\" data-id=\"cedf2c8\" data-element_type=\"container\">\n\t\t\t\t<div class=\"elementor-element elementor-element-a16e2da elementor--h-position-center elementor--v-position-middle elementor-widget elementor-widget-slides\" data-id=\"a16e2da\" data-element_type=\"widget\" data-settings=\"{&quot;navigation&quot;:&quot;none&quot;,&quot;transition&quot;:&quot;slide&quot;,&quot;transition_speed&quot;:500}\" data-widget_type=\"slides.default\">\n\t\t\t\t\t\t\t\t\t\t<div class=\"elementor-slides-wrapper elementor-main-swiper swiper\" role=\"region\" aria-roledescription=\"carousel\" aria-label=\"Slides\" dir=\"ltr\" data-animation=\"\">\n\t\t\t\t<div class=\"swiper-wrapper elementor-slides\">\n\t\t\t\t\t\t\t\t\t\t<div class=\"elementor-repeater-item-cb82680 swiper-slide\" role=\"group\" aria-roledescription=\"slide\"><div class=\"swiper-slide-bg\" role=\"img\" aria-label=\"Imagem_turistica_conem_SE_2\"><\/div><div class=\"elementor-background-overlay\"><\/div><div class=\"swiper-slide-inner\" ><div class=\"swiper-slide-contents\"><div class=\"elementor-slide-heading\">A\u00e7\u00f5es Afirmativas<\/div><\/div><\/div><\/div>\t\t\t\t<\/div>\n\t\t\t\t\t\t\t<\/div>\n\t\t\t\t\t\t\t\t<\/div>\n\t\t\t\t<\/div>\n\t\t<div class=\"elementor-element elementor-element-630b5c64 e-flex e-con-boxed e-con e-parent\" data-id=\"630b5c64\" data-element_type=\"container\">\n\t\t\t\t\t<div class=\"e-con-inner\">\n\t\t\t\t<div class=\"elementor-element elementor-element-998139c elementor-widget elementor-widget-text-editor\" data-id=\"998139c\" data-element_type=\"widget\" data-widget_type=\"text-editor.default\">\n\t\t\t\t\t\t\t\t\t<p style=\"text-align: center;\"><strong>CONTEMPLADOS | A\u00c7\u00d5ES AFIRMATIVAS<br \/><br \/><\/strong><\/p><p>&#8211; J. R. M. F. A. &#8211; 1**.6*7.***-40<\/p><p>&#8211; L. A. B. &#8211; 8**.5*2.***-10<\/p><p>&#8211; R. V. O. S. &#8211; 0**.8*0.***-69<\/p><p>&#8211; A. J. N. R. &#8211; 1**.1*4.***-16<\/p><p>&#8211; S. F. M. &#8211; 1**.1*4.***-55<\/p><p>&#8211; F. B. O. Q. &#8211; 0**.6*2.***-23<\/p><p>&#8211; C. D. C. S. &#8211; 0**.6*0.***-37<\/p><p>&#8211; G. C. A. &#8211; 8**.8*4.***-53<\/p><p>&#8211; Z. S. A. &#8211; 0**.7*1.***-88<\/p><p>&#8211; I. V. F. N. &#8211; 0**.7*2.***-36<\/p><p>&#8211; N. S. S. &#8211; 0**.4*7.***-61<\/p><p>&#8211; M. S. B. &#8211; 0**.8*0.***-60<\/p><p>&#8211; L. M. F. E. P. &#8211;\u00a0 0**.6*9.***-80 <br \/><br \/><\/p>\t\t\t\t\t\t\t\t<\/div>\n\t\t\t\t<div class=\"elementor-element elementor-element-c6199e7 elementor-widget-divider--view-line elementor-widget elementor-widget-divider\" data-id=\"c6199e7\" data-element_type=\"widget\" data-widget_type=\"divider.default\">\n\t\t\t\t\t\t\t<div class=\"elementor-divider\">\n\t\t\t<span class=\"elementor-divider-separator\">\n\t\t\t\t\t\t<\/span>\n\t\t<\/div>\n\t\t\t\t\t\t<\/div>\n\t\t\t\t<div class=\"elementor-element elementor-element-f3bbe3a elementor-widget elementor-widget-text-editor\" data-id=\"f3bbe3a\" data-element_type=\"widget\" data-widget_type=\"text-editor.default\">\n\t\t\t\t\t\t\t\t\t<p style=\"text-align: center;\"><strong>ISEN\u00c7\u00c3O DE INSCRI\u00c7\u00c3O DE DISCENTES INGRESSANTES POR MEIO DE POL\u00cdTICAS DE A\u00c7\u00d5ES AFIRMATIVAS<br \/>E\/OU QUE UTILIZAM PROGRAMAS DE POL\u00cdTICAS DE PERMAN\u00caNCIA<\/strong><\/p><p>Com o objetivo de promover um congresso mais representativo e plural, a comiss\u00e3o organizadora do III CONEM-NE1 deliberou a isen\u00e7\u00e3o de taxa de inscri\u00e7\u00e3o para discentes dos cursos de ensino superior das profiss\u00f5es da sa\u00fade ingressantes atrav\u00e9s de pol\u00edticas afirmativas (cotistas, ProUni, FIES e Bolsistas Mais M\u00e9dicos) e\/ou que utilizam de programas de pol\u00edticas de perman\u00eancia (Aux\u00edlio resid\u00eancia, moradia, alimenta\u00e7\u00e3o, transporte, dentre outros\u2026)<\/p><p>Para inscrever-se nesta modalidade a\/o discente dever\u00e1 realizar o preenchimento de formul\u00e1rio espec\u00edfico at\u00e9 26 de abril de 2026 \u00e0s 23:59 (hor\u00e1rio de Bras\u00edlia): <a href=\"https:\/\/forms.gle\/mgb9cwuMaqxEkgNJ8\"><strong>https:\/\/forms.gle\/mgb9cwuMaqxEkgNJ8<\/strong><\/a><\/p><p>O preenchimento configura uma solicita\u00e7\u00e3o de isen\u00e7\u00e3o \/ pr\u00e9-inscri\u00e7\u00e3o no III CONEM-NE1, que ser\u00e1 avaliada pela Comiss\u00e3o Organizadora, verificando-se as informa\u00e7\u00f5es declaradas e seus respectivos documentos de comprova\u00e7\u00e3o. A confirma\u00e7\u00e3o da inscri\u00e7\u00e3o ser\u00e1 notificada por e-mail ao(\u00e0) requerente. O preenchimento somente do formul\u00e1rio n\u00e3o denota inscri\u00e7\u00e3o no Congresso, h\u00e1 necessidade de recebimento da confirma\u00e7\u00e3o via e-mail.<\/p><p>Ser\u00e1 necess\u00e1ria anexar os seguintes documentos ao formul\u00e1rio supracitado para a solicita\u00e7\u00e3o de isen\u00e7\u00e3o:<\/p><p><strong>1)<\/strong> Documento de Identidade com foto;<\/p><p><strong>2)<\/strong> Comprovante de Matr\u00edcula na respectiva Institui\u00e7\u00e3o de Ensino Superior, que conste nome da\/o aluna\/o, data e local, que esteja em per\u00edodo de vig\u00eancia e que haja assinatura correspondente \u00e0 IES ou forma de autentica\u00e7\u00e3o v\u00e1lida;<\/p><p><strong>3)<\/strong> Documentos comprobat\u00f3rios com nome da\/o aluna\/o em quest\u00e3o:<\/p><ol><li>a) Para estudantes ingressantes via pol\u00edticas afirmativas (cotistas, ProUni, FIES e Mais M\u00e9dicos): declara\u00e7\u00f5es de matr\u00edcula, lista de aprova\u00e7\u00e3o do vestibular, hist\u00f3rico escolar, declara\u00e7\u00e3o da IES desde que modalidade esteja explicitada. Lista de bolsa ou declara\u00e7\u00e3o da IES para contemplados por bolsa. Para ProUni, o termo de compromisso que todo candidato assina. Para bolsistas pelo Mais M\u00e9dicos, o contrato, print do portal, resultado do processo seletivo ou declara\u00e7\u00e3o da IES. Para FIES, DRI, processo seletivo ou declara\u00e7\u00e3o da IES.<\/li><li>b) Para estudantes que utilizam pol\u00edticas de perman\u00eancia: declara\u00e7\u00e3o da IES, print do portal, lista dos contemplados desde que o aluno e o aux\u00edlio esteja explicitado.<\/li><\/ol><p>A isen\u00e7\u00e3o da taxa de inscri\u00e7\u00e3o n\u00e3o ser\u00e1 concedida \u00e0s\/aos requerentes que j\u00e1 tiverem efetuado pagamento de suas inscri\u00e7\u00f5es.<\/p><p>A decis\u00e3o da Comiss\u00e3o Organizadora sobre a avalia\u00e7\u00e3o dos documentos supracitados ser\u00e1 soberana e n\u00e3o pass\u00edvel de recursos.<\/p><p>Casos omissos n\u00e3o abarcados nestas informa\u00e7\u00f5es ser\u00e3o discutidos e ponderados pela Comiss\u00e3o Organizadora, que ser\u00e1 soberana e cuja decis\u00e3o n\u00e3o ser\u00e1 pass\u00edvel de recursos.<\/p>\t\t\t\t\t\t\t\t<\/div>\n\t\t\t\t<div class=\"elementor-element elementor-element-514c3dc elementor-align-center elementor-widget elementor-widget-button\" data-id=\"514c3dc\" data-element_type=\"widget\" data-widget_type=\"button.default\">\n\t\t\t\t\t\t\t\t\t\t<a class=\"elementor-button elementor-button-link elementor-size-sm\" href=\"https:\/\/forms.gle\/mgb9cwuMaqxEkgNJ8\" target=\"_blank\">\n\t\t\t\t\t\t<span class=\"elementor-button-content-wrapper\">\n\t\t\t\t\t\t<span class=\"elementor-button-icon\">\n\t\t\t\t<svg aria-hidden=\"true\" class=\"e-font-icon-svg e-far-file-alt\" viewBox=\"0 0 384 512\" xmlns=\"http:\/\/www.w3.org\/2000\/svg\"><path d=\"M288 248v28c0 6.6-5.4 12-12 12H108c-6.6 0-12-5.4-12-12v-28c0-6.6 5.4-12 12-12h168c6.6 0 12 5.4 12 12zm-12 72H108c-6.6 0-12 5.4-12 12v28c0 6.6 5.4 12 12 12h168c6.6 0 12-5.4 12-12v-28c0-6.6-5.4-12-12-12zm108-188.1V464c0 26.5-21.5 48-48 48H48c-26.5 0-48-21.5-48-48V48C0 21.5 21.5 0 48 0h204.1C264.8 0 277 5.1 286 14.1L369.9 98c9 8.9 14.1 21.2 14.1 33.9zm-128-80V128h76.1L256 51.9zM336 464V176H232c-13.3 0-24-10.7-24-24V48H48v416h288z\"><\/path><\/svg>\t\t\t<\/span>\n\t\t\t\t\t\t\t\t\t<span class=\"elementor-button-text\">FAZER INSCRI\u00c7\u00c3O<\/span>\n\t\t\t\t\t<\/span>\n\t\t\t\t\t<\/a>\n\t\t\t\t\t\t\t\t<\/div>\n\t\t\t\t<div class=\"elementor-element elementor-element-707094d elementor-widget elementor-widget-spacer\" data-id=\"707094d\" data-element_type=\"widget\" data-widget_type=\"spacer.default\">\n\t\t\t\t\t\t\t<div class=\"elementor-spacer\">\n\t\t\t<div class=\"elementor-spacer-inner\"><\/div>\n\t\t<\/div>\n\t\t\t\t\t\t<\/div>\n\t\t\t\t\t<\/div>\n\t\t\t\t<\/div>\n\t\t\t\t<\/div>\n\t\t","protected":false},"excerpt":{"rendered":"<p>A\u00e7\u00f5es Afirmativas CONTEMPLADOS | A\u00c7\u00d5ES AFIRMATIVAS &#8211; J. R. M. F. A. &#8211; 1**.6*7.***-40 &#8211; L. A. B. &#8211; 8**.5*2.***-10 &#8211; R. V. O. S. &#8211; 0**.8*0.***-69 &#8211; A. J. N. R. &#8211; 1**.1*4.***-16 &#8211; S. F. M. &#8211; 1**.1*4.***-55 &#8211; F. B. O. Q. &#8211; 0**.6*2.***-23 &#8211; C. D. C. S. &#8211; 0**.6*0.***-37 &#8211; [&hellip;]<\/p>\n","protected":false},"author":3,"featured_media":0,"parent":0,"menu_order":2,"comment_status":"closed","ping_status":"closed","template":"","meta":{"footnotes":""},"class_list":["post-3902","page","type-page","status-publish","hentry"],"_links":{"self":[{"href":"https:\/\/conem.org.br\/2026\/wp-json\/wp\/v2\/pages\/3902","targetHints":{"allow":["GET"]}}],"collection":[{"href":"https:\/\/conem.org.br\/2026\/wp-json\/wp\/v2\/pages"}],"about":[{"href":"https:\/\/conem.org.br\/2026\/wp-json\/wp\/v2\/types\/page"}],"author":[{"embeddable":true,"href":"https:\/\/conem.org.br\/2026\/wp-json\/wp\/v2\/users\/3"}],"replies":[{"embeddable":true,"href":"https:\/\/conem.org.br\/2026\/wp-json\/wp\/v2\/comments?post=3902"}],"version-history":[{"count":10,"href":"https:\/\/conem.org.br\/2026\/wp-json\/wp\/v2\/pages\/3902\/revisions"}],"predecessor-version":[{"id":4131,"href":"https:\/\/conem.org.br\/2026\/wp-json\/wp\/v2\/pages\/3902\/revisions\/4131"}],"wp:attachment":[{"href":"https:\/\/conem.org.br\/2026\/wp-json\/wp\/v2\/media?parent=3902"}],"curies":[{"name":"wp","href":"https:\/\/api.w.org\/{rel}","templated":true}]}}